{"id":743,"date":"2025-01-26T15:29:45","date_gmt":"2025-01-26T15:29:45","guid":{"rendered":"https:\/\/dev.great-escape.be\/?page_id=743"},"modified":"2025-01-30T16:44:18","modified_gmt":"2025-01-30T16:44:18","slug":"inscription","status":"publish","type":"page","link":"https:\/\/www.legendstrail.be\/?page_id=743&lang=fr","title":{"rendered":"Inscription"},"content":{"rendered":"\t\t<div data-elementor-type=\"wp-page\" data-elementor-id=\"743\" class=\"elementor elementor-743\" data-elementor-post-type=\"page\">\n\t\t\t\t<div class=\"elementor-element elementor-element-62362d1 e-con-full e-flex e-con e-parent\" data-id=\"62362d1\" data-element_type=\"container\">\n\t\t<div class=\"elementor-element elementor-element-e7b9d84 e-con-full e-flex e-con e-child\" data-id=\"e7b9d84\" data-element_type=\"container\">\n\t\t\t\t<div class=\"elementor-element elementor-element-fe3d0af elementor-widget elementor-widget-heading\" data-id=\"fe3d0af\" data-element_type=\"widget\" data-widget_type=\"heading.default\">\n\t\t\t\t<div class=\"elementor-widget-container\">\n\t\t\t\t\t<h1 class=\"elementor-heading-title elementor-size-default\">Inscriptions<\/h1>\t\t\t\t<\/div>\n\t\t\t\t<\/div>\n\t\t\t\t<div class=\"elementor-element elementor-element-e6fe6bf elementor-widget-divider--view-line elementor-widget elementor-widget-divider\" data-id=\"e6fe6bf\" data-element_type=\"widget\" data-widget_type=\"divider.default\">\n\t\t\t\t<div class=\"elementor-widget-container\">\n\t\t\t\t\t\t\t<div class=\"elementor-divider\">\n\t\t\t<span class=\"elementor-divider-separator\">\n\t\t\t\t\t\t<\/span>\n\t\t<\/div>\n\t\t\t\t\t\t<\/div>\n\t\t\t\t<\/div>\n\t\t\t\t<div class=\"elementor-element elementor-element-495c3ca elementor-widget__width-inherit elementor-widget elementor-widget-text-editor\" data-id=\"495c3ca\" data-element_type=\"widget\" data-widget_type=\"text-editor.default\">\n\t\t\t\t<div class=\"elementor-widget-container\">\n\t\t\t\t\t\t\t\t\t<p data-sourcepos=\"3:1-3:149\">Nous utilisons SQMTime pour les inscriptions \u00e0 nos courses. Sur cette plateforme, vous pouvez vous inscrire \u00e0 nos courses et g\u00e9rer votre inscription.<\/p><p data-sourcepos=\"5:1-5:359\">Veuillez vous inscrire \u00e0 la bonne distance car nous recevons beaucoup de questions\/remarques une fois la liste des participants publi\u00e9e sur le site de suivi. Soyez assur\u00e9 que nous ne vous avons &#8220;pas mis dans la mauvaise distance ou WALK\/RUN&#8221; car il s&#8217;agit d&#8217;un processus enti\u00e8rement automatis\u00e9. Assurez-vous donc de vous \u00eatre inscrit \u00e0 la bonne distance.<\/p><p data-sourcepos=\"7:1-7:111\">Vous devrez cr\u00e9er un compte sur SQMTime si vous n&#8217;en avez pas d\u00e9j\u00e0 un pour pouvoir vous inscrire \u00e0 nos courses.<\/p>\t\t\t\t\t\t\t\t<\/div>\n\t\t\t\t<\/div>\n\t\t\t\t<div class=\"elementor-element elementor-element-acb93ff elementor-align-center elementor-invisible elementor-widget elementor-widget-button\" data-id=\"acb93ff\" data-element_type=\"widget\" data-settings=\"{&quot;_animation&quot;:&quot;fadeInDown&quot;}\" data-widget_type=\"button.default\">\n\t\t\t\t<div class=\"elementor-widget-container\">\n\t\t\t\t\t\t\t\t\t<div class=\"elementor-button-wrapper\">\n\t\t\t\t\t<a class=\"elementor-button elementor-button-link elementor-size-sm\" href=\"https:\/\/www.sqmtime.com\/fr-legendstrail\" target=\"_blank\">\n\t\t\t\t\t\t<span class=\"elementor-button-content-wrapper\">\n\t\t\t\t\t\t\t\t\t<span class=\"elementor-button-text\">S'inscrire<\/span>\n\t\t\t\t\t<\/span>\n\t\t\t\t\t<\/a>\n\t\t\t\t<\/div>\n\t\t\t\t\t\t\t\t<\/div>\n\t\t\t\t<\/div>\n\t\t\t\t<div class=\"elementor-element elementor-element-a3e2370 elementor-widget__width-inherit elementor-widget elementor-widget-text-editor\" data-id=\"a3e2370\" data-element_type=\"widget\" data-widget_type=\"text-editor.default\">\n\t\t\t\t<div class=\"elementor-widget-container\">\n\t\t\t\t\t\t\t\t\t<p>Ci-dessous, nous avons \u00e9galement d\u00e9taill\u00e9 la proc\u00e9dure pour vendre votre inscription \u00e0 un autre participant, car nous recevons \u00e9galement souvent cette question. Si vous souhaitez recevoir de l&#8217;argent liquide au lieu de cr\u00e9dits SQM, veuillez vous assurer de s\u00e9lectionner 0% \u00e0 l&#8217;\u00e9tape 5b et d&#8217;organiser vous-m\u00eame le paiement avec la personne qui reprendra votre billet. Vous pouvez voir la derni\u00e8re version ici @<a style=\"font-family: var( --e-global-typography-text-font-family ), Sans-serif; font-size: var( --e-global-typography-text-font-size ); font-style: var( --e-global-typography-text-font-style ); font-weight: var( --e-global-typography-text-font-weight ); letter-spacing: var( --e-global-typography-text-letter-spacing ); text-transform: var( --e-global-typography-text-text-transform ); text-align: var(--text-align);\" href=\"https:\/\/site.sqmtime.com\/fr\/docs\/ik-wil-mijn-inschrijving-doorgeven-of-verkopen-fr\/\" target=\"_blank\" rel=\"noopener\">Je souhaite transmettre ou vendre mon inscription &#8211; SQM TIME<\/a> (seulement en n\u00e9erlandais et fran\u00e7ais)<\/p>\t\t\t\t\t\t\t\t<\/div>\n\t\t\t\t<\/div>\n\t\t\t\t<\/div>\n\t\t<div class=\"elementor-element elementor-element-d88d04e e-con-full e-flex e-con e-child\" data-id=\"d88d04e\" data-element_type=\"container\" data-settings=\"{&quot;background_background&quot;:&quot;classic&quot;}\">\n\t\t\t\t<div class=\"elementor-element elementor-element-288fa17 elementor-widget elementor-widget-image\" data-id=\"288fa17\" data-element_type=\"widget\" data-widget_type=\"image.default\">\n\t\t\t\t<div class=\"elementor-widget-container\">\n\t\t\t\t\t\t\t\t\t\t\t\t\t\t\t<img fetchpriority=\"high\" decoding=\"async\" width=\"800\" height=\"800\" src=\"https:\/\/www.legendstrail.be\/wp-content\/uploads\/2025\/01\/001_LT_Registration-1-1024x1024.jpg\" class=\"attachment-large size-large wp-image-1742\" alt=\"\" srcset=\"https:\/\/www.legendstrail.be\/wp-content\/uploads\/2025\/01\/001_LT_Registration-1-1024x1024.jpg 1024w, https:\/\/www.legendstrail.be\/wp-content\/uploads\/2025\/01\/001_LT_Registration-1-300x300.jpg 300w, https:\/\/www.legendstrail.be\/wp-content\/uploads\/2025\/01\/001_LT_Registration-1-150x150.jpg 150w, https:\/\/www.legendstrail.be\/wp-content\/uploads\/2025\/01\/001_LT_Registration-1-768x768.jpg 768w, https:\/\/www.legendstrail.be\/wp-content\/uploads\/2025\/01\/001_LT_Registration-1-700x700.jpg 700w, https:\/\/www.legendstrail.be\/wp-content\/uploads\/2025\/01\/001_LT_Registration-1.jpg 1536w\" sizes=\"(max-width: 800px) 100vw, 800px\" \/>\t\t\t\t\t\t\t\t\t\t\t\t\t\t\t<\/div>\n\t\t\t\t<\/div>\n\t\t\t\t<\/div>\n\t\t\t\t<\/div>\n\t\t<div class=\"elementor-element elementor-element-e0a525c e-flex e-con-boxed e-con e-parent\" data-id=\"e0a525c\" data-element_type=\"container\">\n\t\t\t\t\t<div class=\"e-con-inner\">\n\t\t<div class=\"elementor-element elementor-element-7656a8a e-con-full e-flex e-con e-child\" data-id=\"7656a8a\" data-element_type=\"container\">\n\t\t\t\t<div class=\"elementor-element elementor-element-d2a27b4 elementor-widget elementor-widget-heading\" data-id=\"d2a27b4\" data-element_type=\"widget\" data-widget_type=\"heading.default\">\n\t\t\t\t<div class=\"elementor-widget-container\">\n\t\t\t\t\t<h5 class=\"elementor-heading-title elementor-size-default\">Transmettre ou vendre mon inscription<\/h5>\t\t\t\t<\/div>\n\t\t\t\t<\/div>\n\t\t\t\t<div class=\"elementor-element elementor-element-030dc25 elementor-widget elementor-widget-text-editor\" data-id=\"030dc25\" data-element_type=\"widget\" data-widget_type=\"text-editor.default\">\n\t\t\t\t<div class=\"elementor-widget-container\">\n\t\t\t\t\t\t\t\t\t<p>Can&#8217;t participate yourself and want to transfer your registration to someone else or sell it? You can arrange this online yourself via SQM Time. So you can transfer your registration to someone else for free or you can sell your registration and receive credits in your account.<\/p><p>Below are a few steps describing how to transfer your registration for an event.<\/p>\t\t\t\t\t\t\t\t<\/div>\n\t\t\t\t<\/div>\n\t\t<div class=\"elementor-element elementor-element-4b1e17f e-con-full e-flex e-con e-child\" data-id=\"4b1e17f\" data-element_type=\"container\">\n\t\t\t\t<div class=\"elementor-element elementor-element-25fe6df elementor-widget__width-initial elementor-widget elementor-widget-text-editor\" data-id=\"25fe6df\" data-element_type=\"widget\" data-widget_type=\"text-editor.default\">\n\t\t\t\t<div class=\"elementor-widget-container\">\n\t\t\t\t\t\t\t\t\t<div id=\"model-response-message-contentr_582e5c0b81fe520e\" class=\"markdown markdown-main-panel\" dir=\"ltr\"><p data-sourcepos=\"1:1-2:149\"><strong>ETAPE 1<\/strong><\/p><p data-sourcepos=\"1:1-2:149\">Connectez-vous \u00e0 votre compte SQM Time et cliquez sur \u00ab\u00a0Mes inscriptions\u00a0\u00bb. Les inscriptions sont regroup\u00e9es par ann\u00e9e en fonction de la date d\u2019inscription et non de la date de l\u2019\u00e9v\u00e9nement !<\/p><\/div>\t\t\t\t\t\t\t\t<\/div>\n\t\t\t\t<\/div>\n\t\t\t\t<div class=\"elementor-element elementor-element-6a92003 elementor-widget elementor-widget-image\" data-id=\"6a92003\" data-element_type=\"widget\" data-widget_type=\"image.default\">\n\t\t\t\t<div class=\"elementor-widget-container\">\n\t\t\t\t\t\t\t\t\t\t\t\t\t\t\t<img decoding=\"async\" width=\"800\" height=\"360\" src=\"https:\/\/www.legendstrail.be\/wp-content\/uploads\/2025\/01\/stap1-1024x461.png\" class=\"attachment-large size-large wp-image-434\" alt=\"\" srcset=\"https:\/\/www.legendstrail.be\/wp-content\/uploads\/2025\/01\/stap1-1024x461.png 1024w, https:\/\/www.legendstrail.be\/wp-content\/uploads\/2025\/01\/stap1-300x135.png 300w, https:\/\/www.legendstrail.be\/wp-content\/uploads\/2025\/01\/stap1-768x346.png 768w, https:\/\/www.legendstrail.be\/wp-content\/uploads\/2025\/01\/stap1-1536x692.png 1536w, https:\/\/www.legendstrail.be\/wp-content\/uploads\/2025\/01\/stap1-2048x922.png 2048w\" sizes=\"(max-width: 800px) 100vw, 800px\" \/>\t\t\t\t\t\t\t\t\t\t\t\t\t\t\t<\/div>\n\t\t\t\t<\/div>\n\t\t\t\t<\/div>\n\t\t<div class=\"elementor-element elementor-element-68a9f8c e-con-full e-flex e-con e-child\" data-id=\"68a9f8c\" data-element_type=\"container\">\n\t\t\t\t<div class=\"elementor-element elementor-element-7af5242 elementor-widget__width-initial elementor-widget elementor-widget-text-editor\" data-id=\"7af5242\" data-element_type=\"widget\" data-widget_type=\"text-editor.default\">\n\t\t\t\t<div class=\"elementor-widget-container\">\n\t\t\t\t\t\t\t\t\t<div id=\"model-response-message-contentr_582e5c0b81fe520e\" class=\"markdown markdown-main-panel\" dir=\"ltr\"><p data-sourcepos=\"1:1-2:149\"><strong>ETAPE 2<\/strong><\/p><p data-sourcepos=\"1:1-2:149\">Derri\u00e8re l\u2019inscription que vous souhaitez transmettre\/vendre, cliquez sur l\u2019\u0153il (\u00ab\u00a0Voir\u00a0\u00bb).<\/p><\/div>\t\t\t\t\t\t\t\t<\/div>\n\t\t\t\t<\/div>\n\t\t\t\t<div class=\"elementor-element elementor-element-8929453 elementor-widget elementor-widget-image\" data-id=\"8929453\" data-element_type=\"widget\" data-widget_type=\"image.default\">\n\t\t\t\t<div class=\"elementor-widget-container\">\n\t\t\t\t\t\t\t\t\t\t\t\t\t\t\t<img decoding=\"async\" width=\"800\" height=\"357\" src=\"https:\/\/www.legendstrail.be\/wp-content\/uploads\/2025\/01\/stap2.jpg\" class=\"attachment-large size-large wp-image-435\" alt=\"\" srcset=\"https:\/\/www.legendstrail.be\/wp-content\/uploads\/2025\/01\/stap2.jpg 1024w, https:\/\/www.legendstrail.be\/wp-content\/uploads\/2025\/01\/stap2-300x134.jpg 300w, https:\/\/www.legendstrail.be\/wp-content\/uploads\/2025\/01\/stap2-768x343.jpg 768w\" sizes=\"(max-width: 800px) 100vw, 800px\" \/>\t\t\t\t\t\t\t\t\t\t\t\t\t\t\t<\/div>\n\t\t\t\t<\/div>\n\t\t\t\t<\/div>\n\t\t<div class=\"elementor-element elementor-element-9ee0941 e-con-full e-flex e-con e-child\" data-id=\"9ee0941\" data-element_type=\"container\">\n\t\t\t\t<div class=\"elementor-element elementor-element-0bb79d0 elementor-widget__width-initial elementor-widget elementor-widget-text-editor\" data-id=\"0bb79d0\" data-element_type=\"widget\" data-widget_type=\"text-editor.default\">\n\t\t\t\t<div class=\"elementor-widget-container\">\n\t\t\t\t\t\t\t\t\t<div id=\"model-response-message-contentr_582e5c0b81fe520e\" class=\"markdown markdown-main-panel\" dir=\"ltr\"><p data-sourcepos=\"1:1-2:149\"><strong>ETAPE 3<\/strong><\/p><p data-sourcepos=\"1:1-2:149\">Vous pouvez maintenant mettre \u00e0 jour le participant dans la fen\u00eatre ci-dessous. Pour ce faire, cliquez sous \u2018Participant\u2019 derri\u00e8re votre nom sur le symbole avec les 2 fl\u00e8ches.<\/p><\/div>\t\t\t\t\t\t\t\t<\/div>\n\t\t\t\t<\/div>\n\t\t\t\t<div class=\"elementor-element elementor-element-27d64b6 elementor-widget elementor-widget-image\" data-id=\"27d64b6\" data-element_type=\"widget\" data-widget_type=\"image.default\">\n\t\t\t\t<div class=\"elementor-widget-container\">\n\t\t\t\t\t\t\t\t\t\t\t\t\t\t\t<img loading=\"lazy\" decoding=\"async\" width=\"800\" height=\"357\" src=\"https:\/\/www.legendstrail.be\/wp-content\/uploads\/2025\/01\/stap3.jpg\" class=\"attachment-large size-large wp-image-436\" alt=\"\" srcset=\"https:\/\/www.legendstrail.be\/wp-content\/uploads\/2025\/01\/stap3.jpg 1024w, https:\/\/www.legendstrail.be\/wp-content\/uploads\/2025\/01\/stap3-300x134.jpg 300w, https:\/\/www.legendstrail.be\/wp-content\/uploads\/2025\/01\/stap3-768x343.jpg 768w\" sizes=\"(max-width: 800px) 100vw, 800px\" \/>\t\t\t\t\t\t\t\t\t\t\t\t\t\t\t<\/div>\n\t\t\t\t<\/div>\n\t\t\t\t<\/div>\n\t\t<div class=\"elementor-element elementor-element-c5d2a0d e-con-full e-flex e-con e-child\" data-id=\"c5d2a0d\" data-element_type=\"container\">\n\t\t\t\t<div class=\"elementor-element elementor-element-6516f2a elementor-widget__width-initial elementor-widget elementor-widget-text-editor\" data-id=\"6516f2a\" data-element_type=\"widget\" data-widget_type=\"text-editor.default\">\n\t\t\t\t<div class=\"elementor-widget-container\">\n\t\t\t\t\t\t\t\t\t<div id=\"model-response-message-contentr_582e5c0b81fe520e\" class=\"markdown markdown-main-panel\" dir=\"ltr\"><p data-sourcepos=\"1:1-2:149\"><strong>ETAPE 4<\/strong><\/p><p>Une fen\u00eatre popup vous permet de choisir la mani\u00e8re dont vous souhaitez transf\u00e9rer votre inscription.<\/p><p>A. Assigner \u00e0 quelqu\u2019un qui se trouve d\u00e9j\u00e0 dans votre carnet d\u2019adresses (gratuit)<\/p><p>B. Assigner \u00e0 une nouvelle personne qui n\u2019est pas encore dans votre carnet d\u2019adresses (gratuit)<\/p><p>C. Inviter quelqu\u2019un \u00e0 reprendre cet abonnement (VENDRE VOTRE TICKET)<\/p><p>Avec les options A et B, l\u2019entr\u00e9e reste dans votre profil (vous restez le seul \u00e0 pouvoir faire des ajustements), mais elle est au nom de quelqu\u2019un d\u2019autre. Avec l\u2019option C, vous vendez l\u2019entr\u00e9e \u00e0 quelqu\u2019un d\u2019autre et l\u2019entr\u00e9e est transf\u00e9r\u00e9e dans son profil (vous n\u2019avez plus rien \u00e0 faire avec elle). Vous pouvez \u00e9galement voir jusqu\u2019\u00e0 quand il est possible de transmettre une inscription.<\/p><\/div>\t\t\t\t\t\t\t\t<\/div>\n\t\t\t\t<\/div>\n\t\t\t\t<div class=\"elementor-element elementor-element-c172a19 elementor-widget elementor-widget-image\" data-id=\"c172a19\" data-element_type=\"widget\" data-widget_type=\"image.default\">\n\t\t\t\t<div class=\"elementor-widget-container\">\n\t\t\t\t\t\t\t\t\t\t\t\t\t\t\t<img loading=\"lazy\" decoding=\"async\" width=\"800\" height=\"227\" src=\"https:\/\/www.legendstrail.be\/wp-content\/uploads\/2025\/01\/stap4-1024x290.png\" class=\"attachment-large size-large wp-image-437\" alt=\"\" srcset=\"https:\/\/www.legendstrail.be\/wp-content\/uploads\/2025\/01\/stap4-1024x290.png 1024w, https:\/\/www.legendstrail.be\/wp-content\/uploads\/2025\/01\/stap4-300x85.png 300w, https:\/\/www.legendstrail.be\/wp-content\/uploads\/2025\/01\/stap4-768x217.png 768w, https:\/\/www.legendstrail.be\/wp-content\/uploads\/2025\/01\/stap4.png 1344w\" sizes=\"(max-width: 800px) 100vw, 800px\" \/>\t\t\t\t\t\t\t\t\t\t\t\t\t\t\t<\/div>\n\t\t\t\t<\/div>\n\t\t\t\t<\/div>\n\t\t<div class=\"elementor-element elementor-element-e7d4b81 e-con-full e-flex e-con e-child\" data-id=\"e7d4b81\" data-element_type=\"container\">\n\t\t\t\t<div class=\"elementor-element elementor-element-1ae799a elementor-widget__width-initial elementor-widget elementor-widget-text-editor\" data-id=\"1ae799a\" data-element_type=\"widget\" data-widget_type=\"text-editor.default\">\n\t\t\t\t<div class=\"elementor-widget-container\">\n\t\t\t\t\t\t\t\t\t<div id=\"model-response-message-contentr_582e5c0b81fe520e\" class=\"markdown markdown-main-panel\" dir=\"ltr\"><div id=\"model-response-message-contentr_cfe9cf50161eb955\" class=\"markdown markdown-main-panel\" dir=\"ltr\"><p data-sourcepos=\"1:1-2:279\"><strong>ETAPE 5a <\/strong><\/p><p data-sourcepos=\"1:1-2:279\">Si vous choisissez de transf\u00e9rer via l\u2019option A ou B, vous pouvez s\u00e9lectionner un autre participant dans votre carnet d\u2019adresses. Si le participant n\u2019y figure pas encore, cliquez sur \u00ab\u00a0Ajouter un participant \u00e0 votre carnet d\u2019adresses\u00a0\u00bb. Apr\u00e8s avoir rempli ses coordonn\u00e9es, s\u00e9lectionnez ce participant et cliquez sur l\u2019ic\u00f4ne \u00ab\u00a0Modifier\u00a0\u00bb.<\/p><\/div><\/div>\t\t\t\t\t\t\t\t<\/div>\n\t\t\t\t<\/div>\n\t\t\t\t<div class=\"elementor-element elementor-element-ae1478a elementor-widget elementor-widget-image\" data-id=\"ae1478a\" data-element_type=\"widget\" data-widget_type=\"image.default\">\n\t\t\t\t<div class=\"elementor-widget-container\">\n\t\t\t\t\t\t\t\t\t\t\t\t\t\t\t<img loading=\"lazy\" decoding=\"async\" width=\"800\" height=\"257\" src=\"https:\/\/www.legendstrail.be\/wp-content\/uploads\/2025\/01\/stap5a-1024x329.png\" class=\"attachment-large size-large wp-image-438\" alt=\"\" srcset=\"https:\/\/www.legendstrail.be\/wp-content\/uploads\/2025\/01\/stap5a-1024x329.png 1024w, https:\/\/www.legendstrail.be\/wp-content\/uploads\/2025\/01\/stap5a-300x96.png 300w, https:\/\/www.legendstrail.be\/wp-content\/uploads\/2025\/01\/stap5a-768x246.png 768w, https:\/\/www.legendstrail.be\/wp-content\/uploads\/2025\/01\/stap5a.png 1362w\" sizes=\"(max-width: 800px) 100vw, 800px\" \/>\t\t\t\t\t\t\t\t\t\t\t\t\t\t\t<\/div>\n\t\t\t\t<\/div>\n\t\t\t\t<\/div>\n\t\t<div class=\"elementor-element elementor-element-a960d55 e-con-full e-flex e-con e-child\" data-id=\"a960d55\" data-element_type=\"container\">\n\t\t\t\t<div class=\"elementor-element elementor-element-27344b6 elementor-widget__width-initial elementor-widget elementor-widget-text-editor\" data-id=\"27344b6\" data-element_type=\"widget\" data-widget_type=\"text-editor.default\">\n\t\t\t\t<div class=\"elementor-widget-container\">\n\t\t\t\t\t\t\t\t\t<div id=\"model-response-message-contentr_582e5c0b81fe520e\" class=\"markdown markdown-main-panel\" dir=\"ltr\"><div id=\"model-response-message-contentr_cfe9cf50161eb955\" class=\"markdown markdown-main-panel\" dir=\"ltr\"><div id=\"model-response-message-contentr_8fbf40e86133afae\" class=\"markdown markdown-main-panel\" dir=\"ltr\"><p data-sourcepos=\"1:1-1:7\"><strong>ETAPE 5b<\/strong><\/p><p>Souhaitez-vous que l\u2019entr\u00e9e soit d\u00e9plac\u00e9e de votre profil de temps SQM vers le profil de temps SQM du nouveau participant ? Choisissez ensuite l\u2019option C. Ici, vous pouvez choisir un pourcentage du montant total, y compris les options, que vous voulez que le nouveau participant paie. Saisissez ensuite l\u2019adresse e-mail. Le nouveau participant recevra un e-mail avec un lien lui permettant de confirmer la reprise de l\u2019enregistrement et d\u2019effectuer un paiement via SQM Time.<\/p><p>Le prix de reprise sera ajout\u00e9 \u00e0 votre compte en cr\u00e9dits.<\/p><p>Il est \u00e9galement possible d\u2019effectuer un paiement en dehors de SQM Time, veuillez choisir 0% comme paiement via SQM Time et organiser le paiement entre vous. Ceci est \u00e0 vos risques et p\u00e9rils, SQM Time n\u2019est pas responsable si l\u2019acheteur ne paie pas correctement.<\/p><\/div><\/div><\/div>\t\t\t\t\t\t\t\t<\/div>\n\t\t\t\t<\/div>\n\t\t\t\t<div class=\"elementor-element elementor-element-20a6e35 elementor-widget elementor-widget-image\" data-id=\"20a6e35\" data-element_type=\"widget\" data-widget_type=\"image.default\">\n\t\t\t\t<div class=\"elementor-widget-container\">\n\t\t\t\t\t\t\t\t\t\t\t\t\t\t\t<img loading=\"lazy\" decoding=\"async\" width=\"800\" height=\"289\" src=\"https:\/\/www.legendstrail.be\/wp-content\/uploads\/2025\/01\/stap5b-1024x370.png\" class=\"attachment-large size-large wp-image-439\" alt=\"\" srcset=\"https:\/\/www.legendstrail.be\/wp-content\/uploads\/2025\/01\/stap5b-1024x370.png 1024w, https:\/\/www.legendstrail.be\/wp-content\/uploads\/2025\/01\/stap5b-300x108.png 300w, https:\/\/www.legendstrail.be\/wp-content\/uploads\/2025\/01\/stap5b-768x278.png 768w, https:\/\/www.legendstrail.be\/wp-content\/uploads\/2025\/01\/stap5b-1536x555.png 1536w, https:\/\/www.legendstrail.be\/wp-content\/uploads\/2025\/01\/stap5b.png 1641w\" sizes=\"(max-width: 800px) 100vw, 800px\" \/>\t\t\t\t\t\t\t\t\t\t\t\t\t\t\t<\/div>\n\t\t\t\t<\/div>\n\t\t\t\t<\/div>\n\t\t\t\t<\/div>\n\t\t\t\t\t<\/div>\n\t\t\t\t<\/div>\n\t\t\t\t<\/div>\n\t\t","protected":false},"excerpt":{"rendered":"<p>Inscriptions Nous utilisons SQMTime pour les inscriptions \u00e0 nos courses. Sur cette plateforme, vous pouvez vous inscrire \u00e0 nos courses et g\u00e9rer votre inscription. Veuillez vous inscrire \u00e0 la bonne distance car nous recevons beaucoup de questions\/remarques une fois la liste des participants publi\u00e9e sur le site de suivi. Soyez assur\u00e9 que nous ne vous [&hellip;]<\/p>\n","protected":false},"author":1,"featured_media":0,"parent":0,"menu_order":0,"comment_status":"closed","ping_status":"closed","template":"","meta":{"footnotes":""},"class_list":["post-743","page","type-page","status-publish","hentry"],"aioseo_notices":[],"_links":{"self":[{"href":"https:\/\/www.legendstrail.be\/index.php?rest_route=\/wp\/v2\/pages\/743","targetHints":{"allow":["GET"]}}],"collection":[{"href":"https:\/\/www.legendstrail.be\/index.php?rest_route=\/wp\/v2\/pages"}],"about":[{"href":"https:\/\/www.legendstrail.be\/index.php?rest_route=\/wp\/v2\/types\/page"}],"author":[{"embeddable":true,"href":"https:\/\/www.legendstrail.be\/index.php?rest_route=\/wp\/v2\/users\/1"}],"replies":[{"embeddable":true,"href":"https:\/\/www.legendstrail.be\/index.php?rest_route=%2Fwp%2Fv2%2Fcomments&post=743"}],"version-history":[{"count":34,"href":"https:\/\/www.legendstrail.be\/index.php?rest_route=\/wp\/v2\/pages\/743\/revisions"}],"predecessor-version":[{"id":1751,"href":"https:\/\/www.legendstrail.be\/index.php?rest_route=\/wp\/v2\/pages\/743\/revisions\/1751"}],"wp:attachment":[{"href":"https:\/\/www.legendstrail.be\/index.php?rest_route=%2Fwp%2Fv2%2Fmedia&parent=743"}],"curies":[{"name":"wp","href":"https:\/\/api.w.org\/{rel}","templated":true}]}}